{"id":2391,"date":"2019-08-05T17:09:02","date_gmt":"2019-08-05T15:09:02","guid":{"rendered":"https:\/\/www.tanvitil.com\/?page_id=2391"},"modified":"2019-11-26T13:30:51","modified_gmt":"2019-11-26T11:30:51","slug":"maquillaje-vitiligo","status":"publish","type":"page","link":"https:\/\/www.tanvitil.com\/pt\/maquillaje-vitiligo\/","title":{"rendered":"Maquillaje para el vitiligo"},"content":{"rendered":"<p>[et_pb_section bb_built=&#8221;1&#8243; fullwidth=&#8221;on&#8221; _builder_version=&#8221;3.22&#8243; next_background_color=&#8221;rgba(104,118,138,0.05)&#8221;][et_pb_fullwidth_header title=&#8221;Maquilhagem para o vitiligo&#8221; _builder_version=&#8221;3.26.6&#8243; z_index_tablet=&#8221;500&#8243; title_text_shadow_horizontal_length_tablet=&#8221;0px&#8221; title_text_shadow_vertical_length_tablet=&#8221;0px&#8221; title_text_shadow_blur_strength_tablet=&#8221;1px&#8221; content_text_shadow_horizontal_length_tablet=&#8221;0px&#8221; content_text_shadow_vertical_length_tablet=&#8221;0px&#8221; content_text_shadow_blur_strength_tablet=&#8221;1px&#8221; subhead_text_shadow_horizontal_length_tablet=&#8221;0px&#8221; subhead_text_shadow_vertical_length_tablet=&#8221;0px&#8221; subhead_text_shadow_blur_strength_tablet=&#8221;1px&#8221; content_link_text_shadow_horizontal_length_tablet=&#8221;0px&#8221; content_link_text_shadow_vertical_length_tablet=&#8221;0px&#8221; content_link_text_shadow_blur_strength_tablet=&#8221;1px&#8221; content_ul_text_shadow_horizontal_length_tablet=&#8221;0px&#8221; content_ul_text_shadow_vertical_length_tablet=&#8221;0px&#8221; content_ul_text_shadow_blur_strength_tablet=&#8221;1px&#8221; content_ol_text_shadow_horizontal_length_tablet=&#8221;0px&#8221; content_ol_text_shadow_vertical_length_tablet=&#8221;0px&#8221; content_ol_text_shadow_blur_strength_tablet=&#8221;1px&#8221; content_quote_text_shadow_horizontal_length_tablet=&#8221;0px&#8221; content_quote_text_shadow_vertical_length_tablet=&#8221;0px&#8221; content_quote_text_shadow_blur_strength_tablet=&#8221;1px&#8221; button_one_text_shadow_horizontal_length_tablet=&#8221;0px&#8221; button_one_text_shadow_vertical_length_tablet=&#8221;0px&#8221; button_one_text_shadow_blur_strength_tablet=&#8221;1px&#8221; button_two_text_shadow_horizontal_length_tablet=&#8221;0px&#8221; button_two_text_shadow_vertical_length_tablet=&#8221;0px&#8221; button_two_text_shadow_blur_strength_tablet=&#8221;1px&#8221; box_shadow_horizontal_tablet=&#8221;0px&#8221; box_shadow_vertical_tablet=&#8221;0px&#8221; box_shadow_blur_tablet=&#8221;40px&#8221; box_shadow_spread_tablet=&#8221;0px&#8221; box_shadow_horizontal_image_tablet=&#8221;0px&#8221; box_shadow_vertical_image_tablet=&#8221;0px&#8221; box_shadow_blur_image_tablet=&#8221;40px&#8221; box_shadow_spread_image_tablet=&#8221;0px&#8221; box_shadow_horizontal_button_one_tablet=&#8221;0px&#8221; box_shadow_vertical_button_one_tablet=&#8221;0px&#8221; box_shadow_blur_button_one_tablet=&#8221;40px&#8221; box_shadow_spread_button_one_tablet=&#8221;0px&#8221; box_shadow_horizontal_button_two_tablet=&#8221;0px&#8221; box_shadow_vertical_button_two_tablet=&#8221;0px&#8221; box_shadow_blur_button_two_tablet=&#8221;40px&#8221; box_shadow_spread_button_two_tablet=&#8221;0px&#8221; text_shadow_horizontal_length_tablet=&#8221;0px&#8221; text_shadow_vertical_length_tablet=&#8221;0px&#8221; text_shadow_blur_strength_tablet=&#8221;1px&#8221; title_text_align=&#8221;center&#8221; text_shadow_horizontal_length=&#8221;text_shadow_style,%91object Object%93&#8243; text_shadow_vertical_length=&#8221;text_shadow_style,%91object Object%93&#8243; text_shadow_blur_strength=&#8221;text_shadow_style,%91object Object%93&#8243; title_text_shadow_horizontal_length=&#8221;title_text_shadow_style,%91object Object%93&#8243; title_text_shadow_vertical_length=&#8221;title_text_shadow_style,%91object Object%93&#8243; title_text_shadow_blur_strength=&#8221;title_text_shadow_style,%91object Object%93&#8243; content_text_shadow_horizontal_length=&#8221;content_text_shadow_style,%91object Object%93&#8243; content_text_shadow_vertical_length=&#8221;content_text_shadow_style,%91object Object%93&#8243; content_text_shadow_blur_strength=&#8221;content_text_shadow_style,%91object Object%93&#8243; content_link_text_shadow_horizontal_length=&#8221;content_link_text_shadow_style,%91object Object%93&#8243; content_link_text_shadow_vertical_length=&#8221;content_link_text_shadow_style,%91object Object%93&#8243; content_link_text_shadow_blur_strength=&#8221;content_link_text_shadow_style,%91object Object%93&#8243; content_ul_text_shadow_horizontal_length=&#8221;content_ul_text_shadow_style,%91object Object%93&#8243; content_ul_text_shadow_vertical_length=&#8221;content_ul_text_shadow_style,%91object Object%93&#8243; content_ul_text_shadow_blur_strength=&#8221;content_ul_text_shadow_style,%91object Object%93&#8243; content_ol_text_shadow_horizontal_length=&#8221;content_ol_text_shadow_style,%91object Object%93&#8243; content_ol_text_shadow_vertical_length=&#8221;content_ol_text_shadow_style,%91object Object%93&#8243; content_ol_text_shadow_blur_strength=&#8221;content_ol_text_shadow_style,%91object Object%93&#8243; content_quote_text_shadow_horizontal_length=&#8221;content_quote_text_shadow_style,%91object Object%93&#8243; content_quote_text_shadow_vertical_length=&#8221;content_quote_text_shadow_style,%91object Object%93&#8243; content_quote_text_shadow_blur_strength=&#8221;content_quote_text_shadow_style,%91object Object%93&#8243; subhead_text_shadow_horizontal_length=&#8221;subhead_text_shadow_style,%91object Object%93&#8243; subhead_text_shadow_vertical_length=&#8221;subhead_text_shadow_style,%91object Object%93&#8243; subhead_text_shadow_blur_strength=&#8221;subhead_text_shadow_style,%91object Object%93&#8243; button_one_text_shadow_horizontal_length=&#8221;button_one_text_shadow_style,%91object Object%93&#8243; button_one_text_shadow_vertical_length=&#8221;button_one_text_shadow_style,%91object Object%93&#8243; button_one_text_shadow_blur_strength=&#8221;button_one_text_shadow_style,%91object Object%93&#8243; button_two_text_shadow_horizontal_length=&#8221;button_two_text_shadow_style,%91object Object%93&#8243; button_two_text_shadow_vertical_length=&#8221;button_two_text_shadow_style,%91object Object%93&#8243; button_two_text_shadow_blur_strength=&#8221;button_two_text_shadow_style,%91object Object%93&#8243; \/][\/et_pb_section][et_pb_section bb_built=&#8221;1&#8243; admin_label=&#8221;Tanvitil gel y tanvitil spray&#8221; _builder_version=&#8221;3.22&#8243; background_color=&#8221;rgba(104,118,138,0.05)&#8221; global_module=&#8221;1561&#8243; prev_background_color=&#8221;#ffffff&#8221;][et_pb_row global_parent=&#8221;1561&#8243; make_equal=&#8221;on&#8221; _builder_version=&#8221;3.25&#8243; custom_padding=&#8221;|||&#8221; column_structure=&#8221;1_3,1_3,1_3&#8243;][et_pb_column type=&#8221;1_3&#8243; global_parent=&#8221;1561&#8243; _builder_version=&#8221;3.25&#8243; background_color=&#8221;#ffffff&#8221; custom_padding=&#8221;24px|24px|24px|24px&#8221; custom_padding__hover=&#8221;|||&#8221;][et_pb_blurb global_parent=&#8221;1561&#8243; title=&#8221;Tanvitil Spray&#8221; url=&#8221;https:\/\/www.tanvitil.com\/pt\/maquillaje-vitiligo\/tanvitil-spray\/&#8221; image=&#8221;https:\/\/www.tanvitil.com\/wp-content\/uploads\/2017\/10\/maquillaje-vitiligo-tanvitil-spray.jpg&#8221; alt=&#8221;Tanvitil Spray, maquillaje tonalizador para las manchas de vitiligo&#8221; _builder_version=&#8221;3.0.106&#8243; header_level=&#8221;h2&#8243; body_text_align=&#8221;center&#8221; text_orientation=&#8221;center&#8221; \/][et_pb_button global_parent=&#8221;1561&#8243; button_url=&#8221;https:\/\/www.tanvitil.com\/pt\/maquillaje-vitiligo\/tanvitil-spray\/&#8221; button_text=&#8221;Escolha seu tom&#8221; button_alignment=&#8221;center&#8221; _builder_version=&#8221;3.16&#8243; button_text_size__hover_enabled=&#8221;off&#8221; button_text_size__hover=&#8221;null&#8221; button_one_text_size__hover_enabled=&#8221;off&#8221; button_one_text_size__hover=&#8221;null&#8221; button_two_text_size__hover_enabled=&#8221;off&#8221; button_two_text_size__hover=&#8221;null&#8221; button_text_color__hover_enabled=&#8221;off&#8221; button_text_color__hover=&#8221;null&#8221; button_one_text_color__hover_enabled=&#8221;off&#8221; button_one_text_color__hover=&#8221;null&#8221; button_two_text_color__hover_enabled=&#8221;off&#8221; button_two_text_color__hover=&#8221;null&#8221; button_border_width__hover_enabled=&#8221;off&#8221; button_border_width__hover=&#8221;null&#8221; button_one_border_width__hover_enabled=&#8221;off&#8221; button_one_border_width__hover=&#8221;null&#8221; button_two_border_width__hover_enabled=&#8221;off&#8221; button_two_border_width__hover=&#8221;null&#8221; button_border_color__hover_enabled=&#8221;off&#8221; button_border_color__hover=&#8221;null&#8221; button_one_border_color__hover_enabled=&#8221;off&#8221; button_one_border_color__hover=&#8221;null&#8221; button_two_border_color__hover_enabled=&#8221;off&#8221; button_two_border_color__hover=&#8221;null&#8221; button_border_radius__hover_enabled=&#8221;off&#8221; button_border_radius__hover=&#8221;null&#8221; button_one_border_radius__hover_enabled=&#8221;off&#8221; button_one_border_radius__hover=&#8221;null&#8221; button_two_border_radius__hover_enabled=&#8221;off&#8221; button_two_border_radius__hover=&#8221;null&#8221; button_letter_spacing__hover_enabled=&#8221;off&#8221; button_letter_spacing__hover=&#8221;null&#8221; button_one_letter_spacing__hover_enabled=&#8221;off&#8221; button_one_letter_spacing__hover=&#8221;null&#8221; button_two_letter_spacing__hover_enabled=&#8221;off&#8221; button_two_letter_spacing__hover=&#8221;null&#8221; button_bg_color__hover_enabled=&#8221;off&#8221; button_bg_color__hover=&#8221;null&#8221; button_one_bg_color__hover_enabled=&#8221;off&#8221; button_one_bg_color__hover=&#8221;null&#8221; button_two_bg_color__hover_enabled=&#8221;off&#8221; button_two_bg_color__hover=&#8221;null&#8221; \/][\/et_pb_column][et_pb_column type=&#8221;1_3&#8243; global_parent=&#8221;1561&#8243; _builder_version=&#8221;3.25&#8243; background_color=&#8221;#ffffff&#8221; custom_padding=&#8221;24px|24px|24px|24px&#8221; custom_padding__hover=&#8221;|||&#8221;][et_pb_blurb global_parent=&#8221;1561&#8243; title=&#8221;Tanvitil Gel&#8221; url=&#8221;https:\/\/www.tanvitil.com\/pt\/maquillaje-vitiligo\/tanvitil-gel\/&#8221; image=&#8221;https:\/\/www.tanvitil.com\/wp-content\/uploads\/2017\/10\/maquillaje-vitiligo-tanvitil-gel.jpg&#8221; alt=&#8221;Tanvitil Gel, maquillaje corrector para personas con vit\u00edligo &#8221; _builder_version=&#8221;3.0.106&#8243; header_level=&#8221;h2&#8243; body_text_align=&#8221;center&#8221; text_orientation=&#8221;center&#8221; \/][et_pb_button global_parent=&#8221;1561&#8243; button_url=&#8221;https:\/\/www.tanvitil.com\/pt\/maquillaje-vitiligo\/tanvitil-gel\/&#8221; button_text=&#8221;Escolha seu tom&#8221; _builder_version=&#8221;3.16&#8243; button_text_size__hover_enabled=&#8221;off&#8221; button_text_size__hover=&#8221;null&#8221; button_one_text_size__hover_enabled=&#8221;off&#8221; button_one_text_size__hover=&#8221;null&#8221; button_two_text_size__hover_enabled=&#8221;off&#8221; button_two_text_size__hover=&#8221;null&#8221; button_text_color__hover_enabled=&#8221;off&#8221; button_text_color__hover=&#8221;null&#8221; button_one_text_color__hover_enabled=&#8221;off&#8221; button_one_text_color__hover=&#8221;null&#8221; button_two_text_color__hover_enabled=&#8221;off&#8221; button_two_text_color__hover=&#8221;null&#8221; button_border_width__hover_enabled=&#8221;off&#8221; button_border_width__hover=&#8221;null&#8221; button_one_border_width__hover_enabled=&#8221;off&#8221; button_one_border_width__hover=&#8221;null&#8221; button_two_border_width__hover_enabled=&#8221;off&#8221; button_two_border_width__hover=&#8221;null&#8221; button_border_color__hover_enabled=&#8221;off&#8221; button_border_color__hover=&#8221;null&#8221; button_one_border_color__hover_enabled=&#8221;off&#8221; button_one_border_color__hover=&#8221;null&#8221; button_two_border_color__hover_enabled=&#8221;off&#8221; button_two_border_color__hover=&#8221;null&#8221; button_border_radius__hover_enabled=&#8221;off&#8221; button_border_radius__hover=&#8221;null&#8221; button_one_border_radius__hover_enabled=&#8221;off&#8221; button_one_border_radius__hover=&#8221;null&#8221; button_two_border_radius__hover_enabled=&#8221;off&#8221; button_two_border_radius__hover=&#8221;null&#8221; button_letter_spacing__hover_enabled=&#8221;off&#8221; button_letter_spacing__hover=&#8221;null&#8221; button_one_letter_spacing__hover_enabled=&#8221;off&#8221; button_one_letter_spacing__hover=&#8221;null&#8221; button_two_letter_spacing__hover_enabled=&#8221;off&#8221; button_two_letter_spacing__hover=&#8221;null&#8221; button_bg_color__hover_enabled=&#8221;off&#8221; button_bg_color__hover=&#8221;null&#8221; button_one_bg_color__hover_enabled=&#8221;off&#8221; button_one_bg_color__hover=&#8221;null&#8221; button_two_bg_color__hover_enabled=&#8221;off&#8221; button_two_bg_color__hover=&#8221;null&#8221; \/][\/et_pb_column][et_pb_column type=&#8221;1_3&#8243; global_parent=&#8221;1561&#8243; _builder_version=&#8221;3.25&#8243; background_color=&#8221;#0078d7&#8243; custom_padding=&#8221;24px|24px|24px|24px&#8221; custom_padding__hover=&#8221;|||&#8221;][et_pb_cta admin_label=&#8221;Hay un tanvitil para ti&#8221; global_parent=&#8221;1561&#8243; title=&#8221;H\u00e1 um Tanvitil para si\u2026.&#8221; _builder_version=&#8221;3.16&#8243; header_level=&#8221;h5&#8243; header_text_color=&#8221;rgba(255,255,255,0.8)&#8221; header_font_size=&#8221;30&#8243; header_line_height=&#8221;1.7em&#8221; body_text_color=&#8221;rgba(255,255,255,0.8)&#8221; custom_padding=&#8221;0px|0px|0px|0px&#8221; button_text_size__hover_enabled=&#8221;off&#8221; button_text_size__hover=&#8221;null&#8221; button_one_text_size__hover_enabled=&#8221;off&#8221; button_one_text_size__hover=&#8221;null&#8221; button_two_text_size__hover_enabled=&#8221;off&#8221; button_two_text_size__hover=&#8221;null&#8221; button_text_color__hover_enabled=&#8221;off&#8221; button_text_color__hover=&#8221;null&#8221; button_one_text_color__hover_enabled=&#8221;off&#8221; button_one_text_color__hover=&#8221;null&#8221; button_two_text_color__hover_enabled=&#8221;off&#8221; button_two_text_color__hover=&#8221;null&#8221; button_border_width__hover_enabled=&#8221;off&#8221; button_border_width__hover=&#8221;null&#8221; button_one_border_width__hover_enabled=&#8221;off&#8221; button_one_border_width__hover=&#8221;null&#8221; button_two_border_width__hover_enabled=&#8221;off&#8221; button_two_border_width__hover=&#8221;null&#8221; button_border_color__hover_enabled=&#8221;off&#8221; button_border_color__hover=&#8221;null&#8221; button_one_border_color__hover_enabled=&#8221;off&#8221; button_one_border_color__hover=&#8221;null&#8221; button_two_border_color__hover_enabled=&#8221;off&#8221; button_two_border_color__hover=&#8221;null&#8221; button_border_radius__hover_enabled=&#8221;off&#8221; button_border_radius__hover=&#8221;null&#8221; button_one_border_radius__hover_enabled=&#8221;off&#8221; button_one_border_radius__hover=&#8221;null&#8221; button_two_border_radius__hover_enabled=&#8221;off&#8221; button_two_border_radius__hover=&#8221;null&#8221; button_letter_spacing__hover_enabled=&#8221;off&#8221; button_letter_spacing__hover=&#8221;null&#8221; button_one_letter_spacing__hover_enabled=&#8221;off&#8221; button_one_letter_spacing__hover=&#8221;null&#8221; button_two_letter_spacing__hover_enabled=&#8221;off&#8221; button_two_letter_spacing__hover=&#8221;null&#8221; button_bg_color__hover_enabled=&#8221;off&#8221; button_bg_color__hover=&#8221;null&#8221; button_one_bg_color__hover_enabled=&#8221;off&#8221; button_one_bg_color__hover=&#8221;null&#8221; button_two_bg_color__hover_enabled=&#8221;off&#8221; button_two_bg_color__hover=&#8221;null&#8221;]<\/p>\n<div class=\"spray\">\u00a0<\/div>\n<h5>Escolha entre gel ou spray<\/h5>\n<p>Tanvitil gel, recomendado para manchas pequenas.<br \/>Tanvitil spray, recomendado para \u00e1reas mais amplas.<\/p>\n<div class=\"pantone\">\u00a0<\/div>\n<h5>Escolha o tom mais adequado para o seu tipo de pele<\/h5>\n<p>Suave, para peles brancas, M\u00e9dio para fot\u00f3tipos interm\u00e9dios e forte para peles mais escuras.<\/p>\n<p>[\/et_pb_cta][\/et_pb_column][\/et_pb_row][\/et_pb_section]<\/p>\n","protected":false},"excerpt":{"rendered":"<p>[et_pb_section bb_built=&#8221;1&#8243; fullwidth=&#8221;on&#8221; _builder_version=&#8221;3.22&#8243; next_background_color=&#8221;rgba(104,118,138,0.05)&#8221;][et_pb_fullwidth_header title=&#8221;Maquilhagem para o vitiligo&#8221; _builder_version=&#8221;3.26.6&#8243; z_index_tablet=&#8221;500&#8243; title_text_shadow_horizontal_length_tablet=&#8221;0px&#8221; title_text_shadow_vertical_length_tablet=&#8221;0px&#8221; title_text_shadow_blur_strength_tablet=&#8221;1px&#8221; content_text_shadow_horizontal_length_tablet=&#8221;0px&#8221; content_text_shadow_vertical_length_tablet=&#8221;0px&#8221; content_text_shadow_blur_strength_tablet=&#8221;1px&#8221; subhead_text_shadow_horizontal_length_tablet=&#8221;0px&#8221; subhead_text_shadow_vertical_length_tablet=&#8221;0px&#8221; subhead_text_shadow_blur_strength_tablet=&#8221;1px&#8221; content_link_text_shadow_horizontal_length_tablet=&#8221;0px&#8221; content_link_text_shadow_vertical_length_tablet=&#8221;0px&#8221; content_link_text_shadow_blur_strength_tablet=&#8221;1px&#8221; content_ul_text_shadow_horizontal_length_tablet=&#8221;0px&#8221; content_ul_text_shadow_vertical_length_tablet=&#8221;0px&#8221; content_ul_text_shadow_blur_strength_tablet=&#8221;1px&#8221; content_ol_text_shadow_horizontal_length_tablet=&#8221;0px&#8221; content_ol_text_shadow_vertical_length_tablet=&#8221;0px&#8221; content_ol_text_shadow_blur_strength_tablet=&#8221;1px&#8221; content_quote_text_shadow_horizontal_length_tablet=&#8221;0px&#8221; content_quote_text_shadow_vertical_length_tablet=&#8221;0px&#8221; content_quote_text_shadow_blur_strength_tablet=&#8221;1px&#8221; button_one_text_shadow_horizontal_length_tablet=&#8221;0px&#8221; button_one_text_shadow_vertical_length_tablet=&#8221;0px&#8221; button_one_text_shadow_blur_strength_tablet=&#8221;1px&#8221; button_two_text_shadow_horizontal_length_tablet=&#8221;0px&#8221; button_two_text_shadow_vertical_length_tablet=&#8221;0px&#8221; button_two_text_shadow_blur_strength_tablet=&#8221;1px&#8221; box_shadow_horizontal_tablet=&#8221;0px&#8221; box_shadow_vertical_tablet=&#8221;0px&#8221; box_shadow_blur_tablet=&#8221;40px&#8221; box_shadow_spread_tablet=&#8221;0px&#8221; box_shadow_horizontal_image_tablet=&#8221;0px&#8221; box_shadow_vertical_image_tablet=&#8221;0px&#8221; box_shadow_blur_image_tablet=&#8221;40px&#8221; box_shadow_spread_image_tablet=&#8221;0px&#8221; box_shadow_horizontal_button_one_tablet=&#8221;0px&#8221; box_shadow_vertical_button_one_tablet=&#8221;0px&#8221; box_shadow_blur_button_one_tablet=&#8221;40px&#8221; box_shadow_spread_button_one_tablet=&#8221;0px&#8221; box_shadow_horizontal_button_two_tablet=&#8221;0px&#8221; box_shadow_vertical_button_two_tablet=&#8221;0px&#8221; box_shadow_blur_button_two_tablet=&#8221;40px&#8221; box_shadow_spread_button_two_tablet=&#8221;0px&#8221; text_shadow_horizontal_length_tablet=&#8221;0px&#8221; [&hellip;]<\/p>\n","protected":false},"author":1,"featured_media":0,"parent":0,"menu_order":0,"comment_status":"closed","ping_status":"closed","template":"","meta":{"_et_pb_use_builder":"on","_et_pb_old_content":"","_et_gb_content_width":"","footnotes":""},"class_list":["post-2391","page","type-page","status-publish","hentry"],"_links":{"self":[{"href":"https:\/\/www.tanvitil.com\/pt\/wp-json\/wp\/v2\/pages\/2391","targetHints":{"allow":["GET"]}}],"collection":[{"href":"https:\/\/www.tanvitil.com\/pt\/wp-json\/wp\/v2\/pages"}],"about":[{"href":"https:\/\/www.tanvitil.com\/pt\/wp-json\/wp\/v2\/types\/page"}],"author":[{"embeddable":true,"href":"https:\/\/www.tanvitil.com\/pt\/wp-json\/wp\/v2\/users\/1"}],"replies":[{"embeddable":true,"href":"https:\/\/www.tanvitil.com\/pt\/wp-json\/wp\/v2\/comments?post=2391"}],"version-history":[{"count":2,"href":"https:\/\/www.tanvitil.com\/pt\/wp-json\/wp\/v2\/pages\/2391\/revisions"}],"predecessor-version":[{"id":2588,"href":"https:\/\/www.tanvitil.com\/pt\/wp-json\/wp\/v2\/pages\/2391\/revisions\/2588"}],"wp:attachment":[{"href":"https:\/\/www.tanvitil.com\/pt\/wp-json\/wp\/v2\/media?parent=2391"}],"curies":[{"name":"wp","href":"https:\/\/api.w.org\/{rel}","templated":true}]}}